{"id":8153,"date":"2020-11-11T11:17:04","date_gmt":"2020-11-11T11:17:04","guid":{"rendered":"https:\/\/wineus.it\/condizioni-di-vendita\/"},"modified":"2021-05-12T14:41:47","modified_gmt":"2021-05-12T14:41:47","slug":"condizioni-di-vendita","status":"publish","type":"page","link":"https:\/\/wineus.it\/fr\/condizioni-di-vendita\/","title":{"rendered":"Condizioni di vendita"},"content":{"rendered":"<p><strong>CONDIZIONI GENERALI DI VENDITA<\/strong><br \/>\nIl presente sito \u00e8 propriet\u00e0 di WINE US Srl, societ\u00e0 con sede legale e amministrativa in <span id=\"\\&quot;&quot;&quot;&quot;&quot;&quot;&quot;&quot;326409_address&quot;&quot;&quot;&quot;&quot;&quot;&quot;\\&quot;\">Via Oberdan &#8211; Corte Lotti, 53 &#8211; 55045 Pietrasanta (LU)<\/span><br \/>\nE-mail: info@wineus.it<br \/>\nP.IVA IT02574990467<\/p>\n<p>Il sito \u00e8 stato creato per la vendita al dettaglio di Vini, nei paesi della Comunit\u00e0 Europea, nel rispetto della normativa italiana in tema di contratti a distanza.<\/p>\n<p>L\u2019accesso al sito www.wineus.it e l\u2019utilizzo di quest\u2019ultimo sono soggetti all\u2019adesione ai termini e alle condizioni contrattuali sotto indicati.<\/p>\n<p>La vendita \u00e8 regolata dalle presenti \u201cCondizioni generali di vendita\u201d nonch\u00e9 dalle modalit\u00e0 indicate in dettaglio nelle sezioni del presente sito denominate, rispettivamente, \u201c<a href=\"\\&quot;&quot;\/condizioni-di-vendita\/#spedizione&quot;\\&quot;\">Spedizioni e Consegne<\/a>\u201d e \u201c<a href=\"\\&quot;&quot;&quot;&quot;&quot;\/privacy-policy\/&quot;&quot;&quot;&quot;\\&quot;\">Privacy<\/a>\u201d, che devono considerarsi parte integrante del contratto di vendita. Si invita pertanto il Cliente, prima dell\u2019invio dell\u2019ordine, a leggere attentamente le condizioni di vendita come indicate e le informazioni ivi contenute e a stamparle o salvarle su altro supporto duraturo a lui accessibile nel rispetto e come previsto dagli artt. 3 e 4 del Dlgs n\u00ba 185\/1999 riferito alle vendite a distanza.<\/p>\n<p>Eventuali modifiche o nuove condizioni verranno tempestivamente segnalate al Cliente, saranno efficaci dal momento della pubblicazione sul sito e verranno applicate alle sole vendite concluse successivamente alla pubblicazione.<\/p>\n<p>L\u2019invio dell&#8217; ordine da parte del Cliente vale come accettazione delle condizioni di vendita a quel momento vigenti.<\/p>\n<p>Nulla spetta al Cliente, sotto forma di risarcimento danni, indennizzo, responsabilit\u00e0 contrattuale o extra contrattuale, danni diretti o indiretti a persone e\/o cose, causati dalla mancata accettazione dell\u2019ordine da parte di www.wineus.it.<\/p>\n<p>E\u2019 consentito l\u2019acquisto dei prodotti del catalogo www.wineus.it solo se il Cliente ha compiuto il 18\u00ba anno di et\u00e0 .<\/p>\n<p><strong>CONCLUSIONE DEL CONTRATTO<\/strong><br \/>\nL\u2019ordine inviato a www.wineus.it attraverso la rete Internet deve essere completato in ogni sua parte e deve contenere gli elementi necessari per l\u2019identificazione del Cliente e dei prodotti ordinati nonch\u00e9 l\u2019indicazione del luogo di consegna, pena la sua nullit\u00e0 . www.wineus.it ti invier\u00e0 , tramite posta elettronica, una conferma di ricevuta d\u2019ordine, contenente un rimando alle condizioni di vendita applicabili.<\/p>\n<p><strong>CARATTERISTICHE E DISPONIBILITA\u2019 DEI PRODOTTI<\/strong><br \/>\nPotrebbe verificarsi che per determinati prodotti le quantit\u00e0 disponibili nel nostro magazzino www.wineus.it non siano sufficienti ad evadere tutti gli ordini nei tempi previsti. A questo punto, ai fini della priorit\u00e0 , varr\u00e0 il criterio dell\u2019ora e minuto di spedizione dell\u2019ordine, con conseguente tempestiva comunicazione a tutti i Clienti fuori stock di un possibile slittamento delle consegne. Tale comunicazione proporr\u00e0 anche la possibilit\u00e0 da parte del Cliente di annullare l\u2019ordine stesso e la restituzione delle somme eventualmente corrisposte. www.wineus.it si impegna peraltro, a norma di legge, ad informare tempestivamente il Cliente dell\u2019eventuale indisponibilit\u00e0 del prodotto ordinato.<\/p>\n<p><a name=\"\\&quot;&quot;spedizione&quot;\\&quot;\"><\/a><strong>SPEDIZIONE E CONSEGNA<br \/>\nGratuita per ordini superiori a 120\u20ac per l&#8217;Italia<\/strong><\/p>\n<p><strong>Per conoscere i costi spedizione estero consultare le Tariffe<\/strong><\/p>\n<p><strong>DIRITTO DI RECESSO\u00a0<\/strong><br \/>\nIl compratore potr\u00e0 recedere dal contratto in forma scritta, senza costi aggiuntivi o penali a proprio carico e senza oneri di motivazione, entro 14 giorni dal ricevimento della merce, tramite una e-mail all\\&#8217;indirizzo di posta elettronica info@wineus.it. In tal caso la restituzione della merce sar\u00e0 regolata dalla clausola seguente. Nella comunicazione dovr\u00e0 essere indicato il numero dell\\&#8217;ordine e i riferimenti della fattura accompagnatoria per la quale si intende esercitare il diritto di recesso. La richiesta verr\u00e0 valutata da www.wineus.it il quale provveder\u00e0 a rispondere al cliente nel pi\u00f9 breve tempo possibile e in caso di accettazione proceder\u00e0 alla ripresa in carico della merce, secondo le modalit\u00e0 sotto indicate.<\/p>\n<h3>SPESE DI SPEDIZIONE E CONSEGNA<\/h3>\n<p>La consegna dei propri prodotti all\\&#8217;interno del Territorio Nazionale Italiano \u00e8 gratuita. Per tutti gli altri Paesi il corriere potrebbe presentarsi con una fattura separata con la quale richiede il pagamento dei dazi e delle tasse richiesti dalle autorit\u00e0 locali. All\\&#8217;Acquirente che risiede in un Paese non facente parte della CE si consiglia di informarsi sulle tasse e i dazi locali, prima di effettuare un ordine al Fornitore. Per gli ordini con consegna all\\&#8217;estero non si effettua servizio di spedizione per i materassi a molle insacchettate.<\/p>\n<p><strong>RESTITUZIONE DELLA MERCE<\/strong><\/p>\n<p>Fermo quanto sopra www.wineus.it provveder\u00e0 al ritiro del prodotto o dei prodotti con le modalit\u00e0 e nei termini che verranno previamente concordati con il Cliente, salvo propria rinuncia alla restituzione di quanto sopra. I prodotti dovranno essere restituiti all\u2019esercente completi, integri, in condizioni inalterate e completi della confezione originale, o comunque reinscatolati cos\u00ec da garantire un trasporto sicuro. La spedizione dovr\u00e0 avvenire a carico del Cliente e l\\&#8217;importo speso sar\u00e0 decurtato dalla somma da restituire allo stesso. Il reso dovr\u00e0 avvenire entro e non oltre 15 giorni dalla data di ricezione della merce da parte del Cliente. Il Cliente sar\u00e0 considerato responsabile di eventuali danneggiamenti dovuti all\\&#8217;incuria del Cliente stesso o del trasportatore. Accertate le condizioni sopraindicate www.wineus.it provveder\u00e0 al rimborso dell\u2019importo pagato, dopo aver trattenuto le spese di spedizione, entro 15 gg dalla data di riconsegna della merce. Il diritto di recesso non si applica alle forniture di prodotti personalizzati o che, per loro natura, rischiano di deteriorarsi o alterarsi rapidamente.<\/p>\n<p>&nbsp;<\/p>\n<p><strong>PREZZI E MODALITA\u2019 DI PAGAMENTO<\/strong><br \/>\nI prezzi dei prodotti indicati nelle varie sezioni del presente sito sono comprensivi di IVA. I prezzi applicati sono quelli indicati nel sito al momento dell\u2019ordine da parte del Cliente. I prezzi dei singoli prodotti sono suscettibili di variazione e, pertanto, i prezzi di volta in volta indicati nel sito, annullano e sostituiscono quelli precedentemente indicati. Il prezzo dei prodotti acquistati, unitamente al costo della consegna a domicilio, dovr\u00e0 essere pagato dal Cliente al momento dell\u2019ordine online. La documentazione fiscale verr\u00e0 rilasciata da www.wineus.it al momento della spedizione dell\u2019ordine. www.wineus.it accetta i seguenti pagamenti: Carta di Credito Circuito Visa, Mastercard, Maestro; bonifico bancario anticipato da concordarsi con il Cliente, Contrassegno (pagamento alla consegna) da concordarsi con il Cliente; Pay Pal.<\/p>\n<p><strong>FATTURAZIONE<\/strong><br \/>\nPer ottenere la fattura \u00e8 necessario indicare: ragione sociale, partita iva e codice fiscale se diverso, al momento della registrazione e segnalare nelle note dell\u2019ordine l\u2019intenzione di ricevere la fattura che verr\u00e0 inviata con la merce.<\/p>\n<p><strong>GARANZIA E RESPONSABILITA\u2019<\/strong><br \/>\nwww.wineus.it, nei limiti della disponibilit\u00e0 come sopra disciplinato, garantisce che verranno consegnati prodotti eguali a quelli indicati e descritti nel sito. www.wineus.it garantisce il rispetto di tutte le norme in merito alla conservazione dei prodotti fino al momento della consegna nel luogo indicato nell\u2019ordine. Le immagini che forniamo sul sito www.wineus.it servono per agevolare il riconoscimento dei prodotti; la completa artigianalit\u00e0 dei nostri prodotti www.wineus.it fa si che siano possibili variazioni nelle confezioni al momento della realizzazione, le foto potrebbero pertanto non rispecchiare nei minimi dettagli l\u2019aspetto del prodotto che sar\u00e0 inviato. Crediamo che anche questo testimoni la genuinit\u00e0 e naturalezza della nostra produzione. La garanzia di 2 anni \u00e8 valida a decorrere dalla data del documento fiscale inviato. Sei pertanto tenuto a conservare tale documento per tutto il periodo di garanzia.<\/p>\n<p><strong>RECLAMI<\/strong><br \/>\nSe riscontri problemi coi nostri prodotti acquistati, le spedizioni, o semplicemente hai dei suggerimenti, per favore faccelo sapere! Offrirti alta qualit\u00e0 e un servizio efficiente sono nostra premura e nostro dovere. Gli errori accadono, e consideriamo un onore se ci darai la possibilit\u00e0 di trovarti la migliore soluzione. Eventuali reclami dovranno essere indirizzati tramite posta elettronica all\u2019indirizzo info@wineus.it o se preferisci a mezzo raccomandata con ricevuta di ritorno entro 14 giorni dalla ricezione all\u2019indirizzo:<\/p>\n<p><strong>WINE US Srl<\/strong><br \/>\n<span id=\"\\&quot;&quot;&quot;&quot;&quot;&quot;&quot;&quot;326409_address&quot;&quot;&quot;&quot;&quot;&quot;&quot;\\&quot;\">Via Oberdan &#8211; Corte Lotti, 53 &#8211; 55045 Pietrasanta (LU)<\/span><br \/>\nE-mail: info@wineus.it<\/p>\n<p><strong>CONTROVERSIE E LEGGE APPLICABILE<\/strong><br \/>\nLe controversie civili inerenti l\u2019applicazione, l\u2019esecuzione e l\u2019interpretazione del contratto di vendita a distanza sono sottoposte alla giurisdizione italiana e sar\u00e0 competente il foro di Lucca (Italia). I contratti stipulati a distanza con www.wineus.it sono regolati dalla legge italiana e, per quanto, non espressamente previsto, valgono le norme di legge in materia.<\/p>\n<p>Infine ti ricordiamo che www.wineus.it \u00e8 soprattutto un luogo fisico. Ci puoi venire a trovare presso la nostra azienda e toccare con mano la qualit\u00e0 dei nostri prodotti, verificando di persona che dietro ogni nostro prodotto ci sono persone vere.<\/p>\n","protected":false},"excerpt":{"rendered":"<p>CONDIZIONI GENERALI DI VENDITA Il presente sito \u00e8 propriet\u00e0 di WINE US Srl, societ\u00e0 con sede legale e amministrativa in Via Oberdan &#8211; Corte Lotti, 53 &#8211; 55045 Pietrasanta (LU) E-mail: info@wineus.it P.IVA IT02574990467 Il sito \u00e8 stato creato per la vendita al dettaglio di Vini, nei paesi della Comunit\u00e0 Europea, nel rispetto della normativa [&hellip;]<\/p>\n","protected":false},"author":1,"featured_media":0,"parent":0,"menu_order":0,"comment_status":"closed","ping_status":"closed","template":"","meta":[],"yoast_head":"<!-- This site is optimized with the Yoast SEO plugin v16.2 - https:\/\/yoast.com\/wordpress\/plugins\/seo\/ -->\n<title>Condizioni di vendita - Wine Us<\/title>\n<meta name=\"robots\" content=\"index, follow, max-snippet:-1, max-image-preview:large, max-video-preview:-1\" \/>\n<link rel=\"canonical\" href=\"https:\/\/wineus.it\/fr\/condizioni-di-vendita\/\" \/>\n<meta property=\"og:locale\" content=\"fr_FR\" \/>\n<meta property=\"og:type\" content=\"article\" \/>\n<meta property=\"og:title\" content=\"Condizioni di vendita - Wine Us\" \/>\n<meta property=\"og:description\" content=\"CONDIZIONI GENERALI DI VENDITA Il presente sito \u00e8 propriet\u00e0 di WINE US Srl, societ\u00e0 con sede legale e amministrativa in Via Oberdan &#8211; Corte Lotti, 53 &#8211; 55045 Pietrasanta (LU) E-mail: info@wineus.it P.IVA IT02574990467 Il sito \u00e8 stato creato per la vendita al dettaglio di Vini, nei paesi della Comunit\u00e0 Europea, nel rispetto della normativa [&hellip;]\" \/>\n<meta property=\"og:url\" content=\"https:\/\/wineus.it\/fr\/condizioni-di-vendita\/\" \/>\n<meta property=\"og:site_name\" content=\"Wine Us\" \/>\n<meta property=\"article:modified_time\" content=\"2021-05-12T14:41:47+00:00\" \/>\n<meta name=\"twitter:card\" content=\"summary\" \/>\n<meta name=\"twitter:label1\" content=\"Dur\u00e9e de lecture est.\">\n\t<meta name=\"twitter:data1\" content=\"7 minutes\">\n<script type=\"application\/ld+json\" class=\"yoast-schema-graph\">{\"@context\":\"https:\/\/schema.org\",\"@graph\":[{\"@type\":\"WebSite\",\"@id\":\"https:\/\/wineus.it\/#website\",\"url\":\"https:\/\/wineus.it\/\",\"name\":\"Wine Us\",\"description\":\"Vendita online Vini Rossi e Bianci\",\"potentialAction\":[{\"@type\":\"SearchAction\",\"target\":\"https:\/\/wineus.it\/?s={search_term_string}\",\"query-input\":\"required name=search_term_string\"}],\"inLanguage\":\"fr-FR\"},{\"@type\":\"WebPage\",\"@id\":\"https:\/\/wineus.it\/fr\/condizioni-di-vendita\/#webpage\",\"url\":\"https:\/\/wineus.it\/fr\/condizioni-di-vendita\/\",\"name\":\"Condizioni di vendita - Wine Us\",\"isPartOf\":{\"@id\":\"https:\/\/wineus.it\/#website\"},\"datePublished\":\"2020-11-11T11:17:04+00:00\",\"dateModified\":\"2021-05-12T14:41:47+00:00\",\"breadcrumb\":{\"@id\":\"https:\/\/wineus.it\/fr\/condizioni-di-vendita\/#breadcrumb\"},\"inLanguage\":\"fr-FR\",\"potentialAction\":[{\"@type\":\"ReadAction\",\"target\":[\"https:\/\/wineus.it\/fr\/condizioni-di-vendita\/\"]}]},{\"@type\":\"BreadcrumbList\",\"@id\":\"https:\/\/wineus.it\/fr\/condizioni-di-vendita\/#breadcrumb\",\"itemListElement\":[{\"@type\":\"ListItem\",\"position\":1,\"item\":{\"@type\":\"WebPage\",\"@id\":\"https:\/\/wineus.it\/fr\/\",\"url\":\"https:\/\/wineus.it\/fr\/\",\"name\":\"Home\"}},{\"@type\":\"ListItem\",\"position\":2,\"item\":{\"@id\":\"https:\/\/wineus.it\/fr\/condizioni-di-vendita\/#webpage\"}}]}]}<\/script>\n<!-- \/ Yoast SEO plugin. -->","_links":{"self":[{"href":"https:\/\/wineus.it\/fr\/wp-json\/wp\/v2\/pages\/8153"}],"collection":[{"href":"https:\/\/wineus.it\/fr\/wp-json\/wp\/v2\/pages"}],"about":[{"href":"https:\/\/wineus.it\/fr\/wp-json\/wp\/v2\/types\/page"}],"author":[{"embeddable":true,"href":"https:\/\/wineus.it\/fr\/wp-json\/wp\/v2\/users\/1"}],"replies":[{"embeddable":true,"href":"https:\/\/wineus.it\/fr\/wp-json\/wp\/v2\/comments?post=8153"}],"version-history":[{"count":8,"href":"https:\/\/wineus.it\/fr\/wp-json\/wp\/v2\/pages\/8153\/revisions"}],"predecessor-version":[{"id":8230,"href":"https:\/\/wineus.it\/fr\/wp-json\/wp\/v2\/pages\/8153\/revisions\/8230"}],"wp:attachment":[{"href":"https:\/\/wineus.it\/fr\/wp-json\/wp\/v2\/media?parent=8153"}],"curies":[{"name":"wp","href":"https:\/\/api.w.org\/{rel}","templated":true}]}}