{"id":7913,"date":"2021-04-01T20:54:28","date_gmt":"2021-04-01T20:54:28","guid":{"rendered":"https:\/\/wineus.it\/vini\/nysa-rose-2019\/"},"modified":"2021-05-17T14:27:48","modified_gmt":"2021-05-17T14:27:48","slug":"nysa-rose-2019-organic-wine","status":"publish","type":"product","link":"https:\/\/wineus.it\/fr\/vin\/nysa-rose-2019-organic-wine\/","title":{"rendered":"Nysa Ros\u00e9 2019 &#8211; Organic wine"},"content":{"rendered":"<p>Le vin ros\u00e9 biologique Nysa de Ch\u00e2teau Trois Collines pr\u00e9sente une robe tr\u00e8s lumineuse dont la teinte ros\u00e9e rappelle la groseille. Ses ar\u00f4mes renferment un bouquet s\u00e9duisant de p\u00e9tales de rose et de fruits frais (grenade, fraise, framboise et autres fruits rouges). L\u00e9ger et frais en bouche, il conserve ses saveurs de framboise et de fruits rouges. Un vin \u00e9quilibr\u00e9 avec une finale persistante et un retour de fruits particuli\u00e8rement appr\u00e9ciable.<\/p>\n<p>Cet excellent ap\u00e9ritif se marie bien avec des fruits de mer et accompagne parfaitement les viandes rouges.<\/p>\n<p>Nous conseillons de servir ce vin \u00e0 une temp\u00e9rature comprise entre 8\u00b0C et 10\u00b0C pour une d\u00e9gustation optimale.<\/p>\n","protected":false},"excerpt":{"rendered":"<ul>\n<li>Paquet de: 6<\/li>\n<li>Livraison rapide<\/li>\n<li>Mill\u00e9sime: 2019<\/li>\n<li>C\u00e9pages: Tempranillo<\/li>\n<li>Alcool: 12.5%<\/li>\n<li>Format: 0,75 l<\/li>\n<li>Temp\u00e9rature de service: 8\/10 \u00b0 C<\/li>\n<li>Typologie: blanc<\/li>\n<\/ul>\n","protected":false},"featured_media":7829,"comment_status":"open","ping_status":"closed","template":"","meta":[],"yoast_head":"<!-- This site is optimized with the Yoast SEO plugin v16.2 - https:\/\/yoast.com\/wordpress\/plugins\/seo\/ -->\n<title>Nysa Ros\u00e9 2019 - Organic wine - Wine Us<\/title>\n<meta name=\"robots\" content=\"index, follow, max-snippet:-1, max-image-preview:large, max-video-preview:-1\" \/>\n<link rel=\"canonical\" href=\"https:\/\/wineus.it\/fr\/vin\/nysa-rose-2019-organic-wine\/\" \/>\n<meta property=\"og:locale\" content=\"fr_FR\" \/>\n<meta property=\"og:type\" content=\"article\" \/>\n<meta property=\"og:title\" content=\"Nysa Ros\u00e9 2019 - Organic wine - Wine Us\" \/>\n<meta property=\"og:description\" content=\"Paquet de: 6  Livraison rapide  Mill\u00e9sime: 2019  C\u00e9pages: Tempranillo  Alcool: 12.5%  Format: 0,75 l  Temp\u00e9rature de service: 8\/10 \u00b0 C  Typologie: blanc\" \/>\n<meta property=\"og:url\" content=\"https:\/\/wineus.it\/fr\/vin\/nysa-rose-2019-organic-wine\/\" \/>\n<meta property=\"og:site_name\" content=\"Wine Us\" \/>\n<meta property=\"article:modified_time\" content=\"2021-05-17T14:27:48+00:00\" \/>\n<meta property=\"og:image\" content=\"https:\/\/wineus.it\/wp-content\/uploads\/2021\/04\/Nysa-Rose-2019.jpg\" \/>\n\t<meta property=\"og:image:width\" content=\"720\" \/>\n\t<meta property=\"og:image:height\" content=\"720\" \/>\n<meta name=\"twitter:card\" content=\"summary\" \/>\n<meta name=\"twitter:label1\" content=\"Dur\u00e9e de lecture est.\">\n\t<meta name=\"twitter:data1\" content=\"1 minute\">\n<script type=\"application\/ld+json\" class=\"yoast-schema-graph\">{\"@context\":\"https:\/\/schema.org\",\"@graph\":[{\"@type\":\"WebSite\",\"@id\":\"https:\/\/wineus.it\/#website\",\"url\":\"https:\/\/wineus.it\/\",\"name\":\"Wine Us\",\"description\":\"Vendita online Vini Rossi e Bianci\",\"potentialAction\":[{\"@type\":\"SearchAction\",\"target\":\"https:\/\/wineus.it\/?s={search_term_string}\",\"query-input\":\"required name=search_term_string\"}],\"inLanguage\":\"fr-FR\"},{\"@type\":\"ImageObject\",\"@id\":\"https:\/\/wineus.it\/fr\/vin\/nysa-rose-2019-organic-wine\/#primaryimage\",\"inLanguage\":\"fr-FR\",\"url\":\"https:\/\/wineus.it\/wp-content\/uploads\/2021\/04\/Nysa-Rose-2019.jpg\",\"contentUrl\":\"https:\/\/wineus.it\/wp-content\/uploads\/2021\/04\/Nysa-Rose-2019.jpg\",\"width\":720,\"height\":720},{\"@type\":\"WebPage\",\"@id\":\"https:\/\/wineus.it\/fr\/vin\/nysa-rose-2019-organic-wine\/#webpage\",\"url\":\"https:\/\/wineus.it\/fr\/vin\/nysa-rose-2019-organic-wine\/\",\"name\":\"Nysa Ros\\u00e9 2019 - Organic wine - Wine Us\",\"isPartOf\":{\"@id\":\"https:\/\/wineus.it\/#website\"},\"primaryImageOfPage\":{\"@id\":\"https:\/\/wineus.it\/fr\/vin\/nysa-rose-2019-organic-wine\/#primaryimage\"},\"datePublished\":\"2021-04-01T20:54:28+00:00\",\"dateModified\":\"2021-05-17T14:27:48+00:00\",\"breadcrumb\":{\"@id\":\"https:\/\/wineus.it\/fr\/vin\/nysa-rose-2019-organic-wine\/#breadcrumb\"},\"inLanguage\":\"fr-FR\",\"potentialAction\":[{\"@type\":\"ReadAction\",\"target\":[\"https:\/\/wineus.it\/fr\/vin\/nysa-rose-2019-organic-wine\/\"]}]},{\"@type\":\"BreadcrumbList\",\"@id\":\"https:\/\/wineus.it\/fr\/vin\/nysa-rose-2019-organic-wine\/#breadcrumb\",\"itemListElement\":[{\"@type\":\"ListItem\",\"position\":1,\"item\":{\"@type\":\"WebPage\",\"@id\":\"https:\/\/wineus.it\/fr\/\",\"url\":\"https:\/\/wineus.it\/fr\/\",\"name\":\"Home\"}},{\"@type\":\"ListItem\",\"position\":2,\"item\":{\"@type\":\"WebPage\",\"@id\":\"https:\/\/wineus.it\/boutique\/\",\"url\":\"https:\/\/wineus.it\/boutique\/\",\"name\":\"Boutique\"}},{\"@type\":\"ListItem\",\"position\":3,\"item\":{\"@id\":\"https:\/\/wineus.it\/fr\/vin\/nysa-rose-2019-organic-wine\/#webpage\"}}]}]}<\/script>\n<!-- \/ Yoast SEO plugin. -->","_links":{"self":[{"href":"https:\/\/wineus.it\/fr\/wp-json\/wp\/v2\/product\/7913"}],"collection":[{"href":"https:\/\/wineus.it\/fr\/wp-json\/wp\/v2\/product"}],"about":[{"href":"https:\/\/wineus.it\/fr\/wp-json\/wp\/v2\/types\/product"}],"replies":[{"embeddable":true,"href":"https:\/\/wineus.it\/fr\/wp-json\/wp\/v2\/comments?post=7913"}],"wp:featuredmedia":[{"embeddable":true,"href":"https:\/\/wineus.it\/fr\/wp-json\/wp\/v2\/media\/7829"}],"wp:attachment":[{"href":"https:\/\/wineus.it\/fr\/wp-json\/wp\/v2\/media?parent=7913"}],"curies":[{"name":"wp","href":"https:\/\/api.w.org\/{rel}","templated":true}]}}