{"id":7915,"date":"2021-04-01T20:52:52","date_gmt":"2021-04-01T20:52:52","guid":{"rendered":"https:\/\/wineus.it\/vini\/nysa-white-2020\/"},"modified":"2024-03-24T20:21:55","modified_gmt":"2024-03-24T20:21:55","slug":"nysa-blanc-2020-organic-wine","status":"publish","type":"product","link":"https:\/\/wineus.it\/fr\/vin\/nysa-blanc-2020-organic-wine\/","title":{"rendered":"Nysa blanc 2020 &#8211; Organic wine"},"content":{"rendered":"<p>Le vin blanc biologique Nysa de Ch\u00e2teau Trois Collines impressionne imm\u00e9diatement par sa jolie robe lumineuse aux reflets dor\u00e9s. Au nez, il est frais et fruit\u00e9 et \u00e9volue vers des notes florales (fleur de gen\u00eat) et de fruits exotiques. Relev\u00e9 par une fra\u00eecheur intense et une min\u00e9ralit\u00e9 particuli\u00e8rement pr\u00e9sente, il offre une bouche harmonieuse et \u00e9quilibr\u00e9e, caract\u00e9ris\u00e9e par des ar\u00f4mes d\u2019agrumes (citron) et de fruits exotiques (ananas).<\/p>\n<p>Un excellent ap\u00e9ritif qui accompagne parfaitement des fruits de mer, des crustac\u00e9s ou un plateau de fromages. Il se marie \u00e9galement bien avec des viandes blanches ou du poisson.<\/p>\n<p>Nous conseillons de servir ce vin \u00e0 une temp\u00e9rature comprise entre 8\u00b0C et 10\u00b0C pour une d\u00e9gustation optimale.<\/p>\n","protected":false},"excerpt":{"rendered":"<ul>\n<li>Paquet de: 6<\/li>\n<li>Livraison rapide<\/li>\n<li>Mill\u00e9sime: 2020<\/li>\n<li>C\u00e9pages: Sauvignon Blanc &#8211; Assemblage Chardonnay<\/li>\n<li>Alcool: 12.5%<\/li>\n<li>Format: 0,75 l<\/li>\n<li>Temp\u00e9rature de service: 8\/12 \u00b0 C<\/li>\n<li>Typologie: blanc<\/li>\n<\/ul>\n","protected":false},"featured_media":7832,"comment_status":"open","ping_status":"closed","template":"","meta":[],"yoast_head":"<!-- This site is optimized with the Yoast SEO plugin v16.2 - https:\/\/yoast.com\/wordpress\/plugins\/seo\/ -->\n<title>Nysa blanc 2020 - Organic wine - Wine Us<\/title>\n<meta name=\"robots\" content=\"index, follow, max-snippet:-1, max-image-preview:large, max-video-preview:-1\" \/>\n<link rel=\"canonical\" href=\"https:\/\/wineus.it\/fr\/vin\/nysa-blanc-2020-organic-wine\/\" \/>\n<meta property=\"og:locale\" content=\"fr_FR\" \/>\n<meta property=\"og:type\" content=\"article\" \/>\n<meta property=\"og:title\" content=\"Nysa blanc 2020 - Organic wine - Wine Us\" \/>\n<meta property=\"og:description\" content=\"Paquet de: 6  Livraison rapide  Mill\u00e9sime: 2020  C\u00e9pages: Sauvignon Blanc - Assemblage Chardonnay  Alcool: 12.5%  Format: 0,75 l  Temp\u00e9rature de service: 8\/12 \u00b0 C  Typologie: blanc\" \/>\n<meta property=\"og:url\" content=\"https:\/\/wineus.it\/fr\/vin\/nysa-blanc-2020-organic-wine\/\" \/>\n<meta property=\"og:site_name\" content=\"Wine Us\" \/>\n<meta property=\"article:modified_time\" content=\"2024-03-24T20:21:55+00:00\" \/>\n<meta property=\"og:image\" content=\"https:\/\/wineus.it\/wp-content\/uploads\/2021\/04\/NysaWhite2020.jpg\" \/>\n\t<meta property=\"og:image:width\" content=\"720\" \/>\n\t<meta property=\"og:image:height\" content=\"720\" \/>\n<meta name=\"twitter:card\" content=\"summary\" \/>\n<meta name=\"twitter:label1\" content=\"Dur\u00e9e de lecture est.\">\n\t<meta name=\"twitter:data1\" content=\"1 minute\">\n<script type=\"application\/ld+json\" class=\"yoast-schema-graph\">{\"@context\":\"https:\/\/schema.org\",\"@graph\":[{\"@type\":\"WebSite\",\"@id\":\"https:\/\/wineus.it\/#website\",\"url\":\"https:\/\/wineus.it\/\",\"name\":\"Wine Us\",\"description\":\"Vendita online Vini Rossi e Bianci\",\"potentialAction\":[{\"@type\":\"SearchAction\",\"target\":\"https:\/\/wineus.it\/?s={search_term_string}\",\"query-input\":\"required name=search_term_string\"}],\"inLanguage\":\"fr-FR\"},{\"@type\":\"ImageObject\",\"@id\":\"https:\/\/wineus.it\/fr\/vin\/nysa-blanc-2020-organic-wine\/#primaryimage\",\"inLanguage\":\"fr-FR\",\"url\":\"https:\/\/wineus.it\/wp-content\/uploads\/2021\/04\/NysaWhite2020.jpg\",\"contentUrl\":\"https:\/\/wineus.it\/wp-content\/uploads\/2021\/04\/NysaWhite2020.jpg\",\"width\":720,\"height\":720},{\"@type\":\"WebPage\",\"@id\":\"https:\/\/wineus.it\/fr\/vin\/nysa-blanc-2020-organic-wine\/#webpage\",\"url\":\"https:\/\/wineus.it\/fr\/vin\/nysa-blanc-2020-organic-wine\/\",\"name\":\"Nysa blanc 2020 - Organic wine - Wine Us\",\"isPartOf\":{\"@id\":\"https:\/\/wineus.it\/#website\"},\"primaryImageOfPage\":{\"@id\":\"https:\/\/wineus.it\/fr\/vin\/nysa-blanc-2020-organic-wine\/#primaryimage\"},\"datePublished\":\"2021-04-01T20:52:52+00:00\",\"dateModified\":\"2024-03-24T20:21:55+00:00\",\"breadcrumb\":{\"@id\":\"https:\/\/wineus.it\/fr\/vin\/nysa-blanc-2020-organic-wine\/#breadcrumb\"},\"inLanguage\":\"fr-FR\",\"potentialAction\":[{\"@type\":\"ReadAction\",\"target\":[\"https:\/\/wineus.it\/fr\/vin\/nysa-blanc-2020-organic-wine\/\"]}]},{\"@type\":\"BreadcrumbList\",\"@id\":\"https:\/\/wineus.it\/fr\/vin\/nysa-blanc-2020-organic-wine\/#breadcrumb\",\"itemListElement\":[{\"@type\":\"ListItem\",\"position\":1,\"item\":{\"@type\":\"WebPage\",\"@id\":\"https:\/\/wineus.it\/fr\/\",\"url\":\"https:\/\/wineus.it\/fr\/\",\"name\":\"Home\"}},{\"@type\":\"ListItem\",\"position\":2,\"item\":{\"@type\":\"WebPage\",\"@id\":\"https:\/\/wineus.it\/boutique\/\",\"url\":\"https:\/\/wineus.it\/boutique\/\",\"name\":\"Boutique\"}},{\"@type\":\"ListItem\",\"position\":3,\"item\":{\"@id\":\"https:\/\/wineus.it\/fr\/vin\/nysa-blanc-2020-organic-wine\/#webpage\"}}]}]}<\/script>\n<!-- \/ Yoast SEO plugin. -->","_links":{"self":[{"href":"https:\/\/wineus.it\/fr\/wp-json\/wp\/v2\/product\/7915"}],"collection":[{"href":"https:\/\/wineus.it\/fr\/wp-json\/wp\/v2\/product"}],"about":[{"href":"https:\/\/wineus.it\/fr\/wp-json\/wp\/v2\/types\/product"}],"replies":[{"embeddable":true,"href":"https:\/\/wineus.it\/fr\/wp-json\/wp\/v2\/comments?post=7915"}],"wp:featuredmedia":[{"embeddable":true,"href":"https:\/\/wineus.it\/fr\/wp-json\/wp\/v2\/media\/7832"}],"wp:attachment":[{"href":"https:\/\/wineus.it\/fr\/wp-json\/wp\/v2\/media?parent=7915"}],"curies":[{"name":"wp","href":"https:\/\/api.w.org\/{rel}","templated":true}]}}