{"id":7923,"date":"2021-04-01T20:37:21","date_gmt":"2021-04-01T20:37:21","guid":{"rendered":"https:\/\/wineus.it\/vini\/chateau-trois-collines-rose-2019\/"},"modified":"2021-05-17T14:28:31","modified_gmt":"2021-05-17T14:28:31","slug":"chateau-trois-collines-rose-2019-organic-wine","status":"publish","type":"product","link":"https:\/\/wineus.it\/fr\/vin\/chateau-trois-collines-rose-2019-organic-wine\/","title":{"rendered":"Ch\u00e2teau Trois Collines Ros\u00e9 2019 &#8211; Organic wine"},"content":{"rendered":"<p>Ce vin ros\u00e9 bio de Ch\u00e2teau Trois Collines poss\u00e8de une belle robe d\u2019un rose \u00e9clatant gr\u00e2ce au c\u00e9page de Pinot Noir. Il d\u00e9voile des ar\u00f4mes de fraise et de framboise avec une pointe d\u2019acidit\u00e9 rafra\u00eechissante. En bouche, les saveurs rappellent particuli\u00e8rement la cerise rouge avec une finale persistante, d\u00e9salt\u00e9rante et juteuse.<\/p>\n<p>D\u00e9gustez ce Pinot Noir ros\u00e9 avec du fromage de ch\u00e8vre, des fruits de mer et des salades estivales.<\/p>\n<p>Nous conseillons de servir ce vin \u00e0 une temp\u00e9rature comprise entre 8\u00b0C et 10\u00b0C pour une d\u00e9gustation optimale.<\/p>\n","protected":false},"excerpt":{"rendered":"<ul>\n<li>Paquet de: 6<\/li>\n<li>Livraison rapide<\/li>\n<li>Mill\u00e9sime: 2019<\/li>\n<li>C\u00e9pages: Pinot Noir<\/li>\n<li>Alcool: 13%<\/li>\n<li>Format: 0,75 l<\/li>\n<li>Temp\u00e9rature de service: 8\/10 \u00b0 C<\/li>\n<li>Typologie: blanc<\/li>\n<\/ul>\n","protected":false},"featured_media":7820,"comment_status":"open","ping_status":"closed","template":"","meta":[],"yoast_head":"<!-- This site is optimized with the Yoast SEO plugin v16.2 - https:\/\/yoast.com\/wordpress\/plugins\/seo\/ -->\n<title>Ch\u00e2teau Trois Collines Ros\u00e9 2019 - Organic wine - Wine Us<\/title>\n<meta name=\"robots\" content=\"index, follow, max-snippet:-1, max-image-preview:large, max-video-preview:-1\" \/>\n<link rel=\"canonical\" href=\"https:\/\/wineus.it\/fr\/vin\/chateau-trois-collines-rose-2019-organic-wine\/\" \/>\n<meta property=\"og:locale\" content=\"fr_FR\" \/>\n<meta property=\"og:type\" content=\"article\" \/>\n<meta property=\"og:title\" content=\"Ch\u00e2teau Trois Collines Ros\u00e9 2019 - Organic wine - Wine Us\" \/>\n<meta property=\"og:description\" content=\"Paquet de: 6  Livraison rapide  Mill\u00e9sime: 2019  C\u00e9pages: Pinot Noir  Alcool: 13%  Format: 0,75 l  Temp\u00e9rature de service: 8\/10 \u00b0 C  Typologie: blanc\" \/>\n<meta property=\"og:url\" content=\"https:\/\/wineus.it\/fr\/vin\/chateau-trois-collines-rose-2019-organic-wine\/\" \/>\n<meta property=\"og:site_name\" content=\"Wine Us\" \/>\n<meta property=\"article:modified_time\" content=\"2021-05-17T14:28:31+00:00\" \/>\n<meta property=\"og:image\" content=\"https:\/\/wineus.it\/wp-content\/uploads\/2021\/04\/Chateau-Trois-Collines-Rose-2019.jpg\" \/>\n\t<meta property=\"og:image:width\" content=\"720\" \/>\n\t<meta property=\"og:image:height\" content=\"720\" \/>\n<meta name=\"twitter:card\" content=\"summary\" \/>\n<meta name=\"twitter:label1\" content=\"Dur\u00e9e de lecture est.\">\n\t<meta name=\"twitter:data1\" content=\"1 minute\">\n<script type=\"application\/ld+json\" class=\"yoast-schema-graph\">{\"@context\":\"https:\/\/schema.org\",\"@graph\":[{\"@type\":\"WebSite\",\"@id\":\"https:\/\/wineus.it\/#website\",\"url\":\"https:\/\/wineus.it\/\",\"name\":\"Wine Us\",\"description\":\"Vendita online Vini Rossi e Bianci\",\"potentialAction\":[{\"@type\":\"SearchAction\",\"target\":\"https:\/\/wineus.it\/?s={search_term_string}\",\"query-input\":\"required name=search_term_string\"}],\"inLanguage\":\"fr-FR\"},{\"@type\":\"ImageObject\",\"@id\":\"https:\/\/wineus.it\/fr\/vin\/chateau-trois-collines-rose-2019-organic-wine\/#primaryimage\",\"inLanguage\":\"fr-FR\",\"url\":\"https:\/\/wineus.it\/wp-content\/uploads\/2021\/04\/Chateau-Trois-Collines-Rose-2019.jpg\",\"contentUrl\":\"https:\/\/wineus.it\/wp-content\/uploads\/2021\/04\/Chateau-Trois-Collines-Rose-2019.jpg\",\"width\":720,\"height\":720},{\"@type\":\"WebPage\",\"@id\":\"https:\/\/wineus.it\/fr\/vin\/chateau-trois-collines-rose-2019-organic-wine\/#webpage\",\"url\":\"https:\/\/wineus.it\/fr\/vin\/chateau-trois-collines-rose-2019-organic-wine\/\",\"name\":\"Ch\\u00e2teau Trois Collines Ros\\u00e9 2019 - Organic wine - Wine Us\",\"isPartOf\":{\"@id\":\"https:\/\/wineus.it\/#website\"},\"primaryImageOfPage\":{\"@id\":\"https:\/\/wineus.it\/fr\/vin\/chateau-trois-collines-rose-2019-organic-wine\/#primaryimage\"},\"datePublished\":\"2021-04-01T20:37:21+00:00\",\"dateModified\":\"2021-05-17T14:28:31+00:00\",\"breadcrumb\":{\"@id\":\"https:\/\/wineus.it\/fr\/vin\/chateau-trois-collines-rose-2019-organic-wine\/#breadcrumb\"},\"inLanguage\":\"fr-FR\",\"potentialAction\":[{\"@type\":\"ReadAction\",\"target\":[\"https:\/\/wineus.it\/fr\/vin\/chateau-trois-collines-rose-2019-organic-wine\/\"]}]},{\"@type\":\"BreadcrumbList\",\"@id\":\"https:\/\/wineus.it\/fr\/vin\/chateau-trois-collines-rose-2019-organic-wine\/#breadcrumb\",\"itemListElement\":[{\"@type\":\"ListItem\",\"position\":1,\"item\":{\"@type\":\"WebPage\",\"@id\":\"https:\/\/wineus.it\/fr\/\",\"url\":\"https:\/\/wineus.it\/fr\/\",\"name\":\"Home\"}},{\"@type\":\"ListItem\",\"position\":2,\"item\":{\"@type\":\"WebPage\",\"@id\":\"https:\/\/wineus.it\/boutique\/\",\"url\":\"https:\/\/wineus.it\/boutique\/\",\"name\":\"Boutique\"}},{\"@type\":\"ListItem\",\"position\":3,\"item\":{\"@id\":\"https:\/\/wineus.it\/fr\/vin\/chateau-trois-collines-rose-2019-organic-wine\/#webpage\"}}]}]}<\/script>\n<!-- \/ Yoast SEO plugin. -->","_links":{"self":[{"href":"https:\/\/wineus.it\/fr\/wp-json\/wp\/v2\/product\/7923"}],"collection":[{"href":"https:\/\/wineus.it\/fr\/wp-json\/wp\/v2\/product"}],"about":[{"href":"https:\/\/wineus.it\/fr\/wp-json\/wp\/v2\/types\/product"}],"replies":[{"embeddable":true,"href":"https:\/\/wineus.it\/fr\/wp-json\/wp\/v2\/comments?post=7923"}],"wp:featuredmedia":[{"embeddable":true,"href":"https:\/\/wineus.it\/fr\/wp-json\/wp\/v2\/media\/7820"}],"wp:attachment":[{"href":"https:\/\/wineus.it\/fr\/wp-json\/wp\/v2\/media?parent=7923"}],"curies":[{"name":"wp","href":"https:\/\/api.w.org\/{rel}","templated":true}]}}