{"id":7929,"date":"2021-03-31T10:53:50","date_gmt":"2021-03-31T10:53:50","guid":{"rendered":"https:\/\/wineus.it\/vini\/syrah-2018\/"},"modified":"2023-02-23T21:28:49","modified_gmt":"2023-02-23T21:28:49","slug":"syrah-2018-organic-wine","status":"publish","type":"product","link":"https:\/\/wineus.it\/fr\/vin\/syrah-2018-organic-wine\/","title":{"rendered":"Syrah 2018 &#8211; Organic wine"},"content":{"rendered":"<p>Robe Deep purple with a violet fringe<br \/>\nNose Complex and neat, syrupy red fruits and berries, flowers and fresh notes of wild herbs, hints of spices\u2026<br \/>\nBody Velvety, supple attack with a full bodied middle palate\u2026<br \/>\nA charming balance of tannins, minerals and structured acidity, making of this first release of Syrah under Trois Collines, a very promising label for longer guard wines in the vintages to com&#8230; Ripe fruits, a mouth watering experience with good pairing potential to grilled or spicy meals, meat and games\u2026<br \/>\nHarvest \/ Yield Manual, early September of 2018, with low yields average 2kg per grape tree, to produce in total some 3.000 bottles of this Cuv\u00e9e<br \/>\nWinemaking 26-28\u02da C temperature fermentations, full malolactic in tanks, maceration 18 days, 6- Aging\/ \u00c9levage Oak barrels 100% new French, medium toasted wood for 12 month<br \/>\nServe or Age! To drink now after a long decanting, served at around 18\u02daC or to keep in your cellar for 7 to 10 years!<\/p>\n","protected":false},"excerpt":{"rendered":"<ul>\n<li>Paquet de: 6<\/li>\n<li>Livraison rapide<\/li>\n<li>Mill\u00e9sime: 2018<\/li>\n<li>C\u00e9pages: Syrah<\/li>\n<li>Alcool: 14%<\/li>\n<li>Format: 0,75 l<\/li>\n<li>Temp\u00e9rature de service: 16\/18 \u00b0 C<\/li>\n<li>Typologie: rouge<\/li>\n<\/ul>\n","protected":false},"featured_media":7838,"comment_status":"open","ping_status":"closed","template":"","meta":[],"yoast_head":"<!-- This site is optimized with the Yoast SEO plugin v16.2 - https:\/\/yoast.com\/wordpress\/plugins\/seo\/ -->\n<title>Syrah 2018 - Organic wine - Wine Us<\/title>\n<meta name=\"robots\" content=\"index, follow, max-snippet:-1, max-image-preview:large, max-video-preview:-1\" \/>\n<link rel=\"canonical\" href=\"https:\/\/wineus.it\/fr\/vin\/syrah-2018-organic-wine\/\" \/>\n<meta property=\"og:locale\" content=\"fr_FR\" \/>\n<meta property=\"og:type\" content=\"article\" \/>\n<meta property=\"og:title\" content=\"Syrah 2018 - Organic wine - Wine Us\" \/>\n<meta property=\"og:description\" content=\"Paquet de: 6  Livraison rapide  Mill\u00e9sime: 2018  C\u00e9pages: Syrah  Alcool: 14%  Format: 0,75 l  Temp\u00e9rature de service: 16\/18 \u00b0 C  Typologie: rouge\" \/>\n<meta property=\"og:url\" content=\"https:\/\/wineus.it\/fr\/vin\/syrah-2018-organic-wine\/\" \/>\n<meta property=\"og:site_name\" content=\"Wine Us\" \/>\n<meta property=\"article:modified_time\" content=\"2023-02-23T21:28:49+00:00\" \/>\n<meta property=\"og:image\" content=\"https:\/\/wineus.it\/wp-content\/uploads\/2021\/04\/sirah2018.jpg\" \/>\n\t<meta property=\"og:image:width\" content=\"720\" \/>\n\t<meta property=\"og:image:height\" content=\"720\" \/>\n<meta name=\"twitter:card\" content=\"summary\" \/>\n<meta name=\"twitter:label1\" content=\"Dur\u00e9e de lecture est.\">\n\t<meta name=\"twitter:data1\" content=\"1 minute\">\n<script type=\"application\/ld+json\" class=\"yoast-schema-graph\">{\"@context\":\"https:\/\/schema.org\",\"@graph\":[{\"@type\":\"WebSite\",\"@id\":\"https:\/\/wineus.it\/#website\",\"url\":\"https:\/\/wineus.it\/\",\"name\":\"Wine Us\",\"description\":\"Vendita online Vini Rossi e Bianci\",\"potentialAction\":[{\"@type\":\"SearchAction\",\"target\":\"https:\/\/wineus.it\/?s={search_term_string}\",\"query-input\":\"required name=search_term_string\"}],\"inLanguage\":\"fr-FR\"},{\"@type\":\"ImageObject\",\"@id\":\"https:\/\/wineus.it\/fr\/vin\/syrah-2018-organic-wine\/#primaryimage\",\"inLanguage\":\"fr-FR\",\"url\":\"https:\/\/wineus.it\/wp-content\/uploads\/2021\/04\/sirah2018.jpg\",\"contentUrl\":\"https:\/\/wineus.it\/wp-content\/uploads\/2021\/04\/sirah2018.jpg\",\"width\":720,\"height\":720},{\"@type\":\"WebPage\",\"@id\":\"https:\/\/wineus.it\/fr\/vin\/syrah-2018-organic-wine\/#webpage\",\"url\":\"https:\/\/wineus.it\/fr\/vin\/syrah-2018-organic-wine\/\",\"name\":\"Syrah 2018 - Organic wine - Wine Us\",\"isPartOf\":{\"@id\":\"https:\/\/wineus.it\/#website\"},\"primaryImageOfPage\":{\"@id\":\"https:\/\/wineus.it\/fr\/vin\/syrah-2018-organic-wine\/#primaryimage\"},\"datePublished\":\"2021-03-31T10:53:50+00:00\",\"dateModified\":\"2023-02-23T21:28:49+00:00\",\"breadcrumb\":{\"@id\":\"https:\/\/wineus.it\/fr\/vin\/syrah-2018-organic-wine\/#breadcrumb\"},\"inLanguage\":\"fr-FR\",\"potentialAction\":[{\"@type\":\"ReadAction\",\"target\":[\"https:\/\/wineus.it\/fr\/vin\/syrah-2018-organic-wine\/\"]}]},{\"@type\":\"BreadcrumbList\",\"@id\":\"https:\/\/wineus.it\/fr\/vin\/syrah-2018-organic-wine\/#breadcrumb\",\"itemListElement\":[{\"@type\":\"ListItem\",\"position\":1,\"item\":{\"@type\":\"WebPage\",\"@id\":\"https:\/\/wineus.it\/fr\/\",\"url\":\"https:\/\/wineus.it\/fr\/\",\"name\":\"Home\"}},{\"@type\":\"ListItem\",\"position\":2,\"item\":{\"@type\":\"WebPage\",\"@id\":\"https:\/\/wineus.it\/boutique\/\",\"url\":\"https:\/\/wineus.it\/boutique\/\",\"name\":\"Boutique\"}},{\"@type\":\"ListItem\",\"position\":3,\"item\":{\"@id\":\"https:\/\/wineus.it\/fr\/vin\/syrah-2018-organic-wine\/#webpage\"}}]}]}<\/script>\n<!-- \/ Yoast SEO plugin. -->","_links":{"self":[{"href":"https:\/\/wineus.it\/fr\/wp-json\/wp\/v2\/product\/7929"}],"collection":[{"href":"https:\/\/wineus.it\/fr\/wp-json\/wp\/v2\/product"}],"about":[{"href":"https:\/\/wineus.it\/fr\/wp-json\/wp\/v2\/types\/product"}],"replies":[{"embeddable":true,"href":"https:\/\/wineus.it\/fr\/wp-json\/wp\/v2\/comments?post=7929"}],"wp:featuredmedia":[{"embeddable":true,"href":"https:\/\/wineus.it\/fr\/wp-json\/wp\/v2\/media\/7838"}],"wp:attachment":[{"href":"https:\/\/wineus.it\/fr\/wp-json\/wp\/v2\/media?parent=7929"}],"curies":[{"name":"wp","href":"https:\/\/api.w.org\/{rel}","templated":true}]}}