{"id":8189,"date":"2021-05-03T14:55:33","date_gmt":"2021-05-03T14:55:33","guid":{"rendered":"https:\/\/wineus.it\/?post_type=product&#038;p=8189"},"modified":"2021-05-17T14:27:39","modified_gmt":"2021-05-17T14:27:39","slug":"chateau-trois-collines-pinot-noir-2018-organic-wine","status":"publish","type":"product","link":"https:\/\/wineus.it\/fr\/vin\/chateau-trois-collines-pinot-noir-2018-organic-wine\/","title":{"rendered":"Ch\u00e2teau Trois Collines Pinot Noir 2018 &#8211; Organic wine"},"content":{"rendered":"<p>Le Pinot Noir biologique de Ch\u00e2teau Trois Collines pr\u00e9sente des ar\u00f4mes intenses de fruits rouges subtilement accentu\u00e9s par des notes florales. En bouche, il r\u00e9v\u00e8le de s\u00e9duisantes saveurs de fraise, de cerise et de p\u00e9tales de rose. Le vieillissement en f\u00fbt de ch\u00eane ajoute une d\u00e9licate touche vanill\u00e9e et une finale douce et chaude.<\/p>\n<p>Se marie d\u00e9licieusement avec du poulet aux herbes, du jambon brais\u00e9, des fromages doux et des tapas.<\/p>\n<p>Nous conseillons de servir ce vin \u00e0 une temp\u00e9rature comprise entre 16\u00b0C et 18\u00b0C pour une d\u00e9gustation optimale.<\/p>\n","protected":false},"excerpt":{"rendered":"<ul>\n<li>Paquet de: 6<\/li>\n<li>Livraison rapide<\/li>\n<li>Mill\u00e9sime: 2018<\/li>\n<li>C\u00e9pages: Pinot Noir 100%.<\/li>\n<li>Alcool: 13%<\/li>\n<li>Format: 0,75 l<\/li>\n<li>Temp\u00e9rature de service: 16\/18 \u00b0C<\/li>\n<li>Typologie: Rouge<\/li>\n<\/ul>\n","protected":false},"featured_media":7835,"comment_status":"open","ping_status":"closed","template":"","meta":[],"yoast_head":"<!-- This site is optimized with the Yoast SEO plugin v16.2 - https:\/\/yoast.com\/wordpress\/plugins\/seo\/ -->\n<title>Ch\u00e2teau Trois Collines Pinot Noir 2018 - Organic wine - Wine Us<\/title>\n<meta name=\"robots\" content=\"index, follow, max-snippet:-1, max-image-preview:large, max-video-preview:-1\" \/>\n<link rel=\"canonical\" href=\"https:\/\/wineus.it\/fr\/vin\/chateau-trois-collines-pinot-noir-2018-organic-wine\/\" \/>\n<meta property=\"og:locale\" content=\"fr_FR\" \/>\n<meta property=\"og:type\" content=\"article\" \/>\n<meta property=\"og:title\" content=\"Ch\u00e2teau Trois Collines Pinot Noir 2018 - Organic wine - Wine Us\" \/>\n<meta property=\"og:description\" content=\"Paquet de: 6  Livraison rapide  Mill\u00e9sime: 2018  C\u00e9pages: Pinot Noir 100%.  Alcool: 13%  Format: 0,75 l  Temp\u00e9rature de service: 16\/18 \u00b0C  Typologie: Rouge\" \/>\n<meta property=\"og:url\" content=\"https:\/\/wineus.it\/fr\/vin\/chateau-trois-collines-pinot-noir-2018-organic-wine\/\" \/>\n<meta property=\"og:site_name\" content=\"Wine Us\" \/>\n<meta property=\"article:modified_time\" content=\"2021-05-17T14:27:39+00:00\" \/>\n<meta property=\"og:image\" content=\"https:\/\/wineus.it\/wp-content\/uploads\/2021\/04\/PinotNoirRed2019.jpg\" \/>\n\t<meta property=\"og:image:width\" content=\"720\" \/>\n\t<meta property=\"og:image:height\" content=\"720\" \/>\n<meta name=\"twitter:card\" content=\"summary\" \/>\n<meta name=\"twitter:label1\" content=\"Dur\u00e9e de lecture est.\">\n\t<meta name=\"twitter:data1\" content=\"1 minute\">\n<script type=\"application\/ld+json\" class=\"yoast-schema-graph\">{\"@context\":\"https:\/\/schema.org\",\"@graph\":[{\"@type\":\"WebSite\",\"@id\":\"https:\/\/wineus.it\/#website\",\"url\":\"https:\/\/wineus.it\/\",\"name\":\"Wine Us\",\"description\":\"Vendita online Vini Rossi e Bianci\",\"potentialAction\":[{\"@type\":\"SearchAction\",\"target\":\"https:\/\/wineus.it\/?s={search_term_string}\",\"query-input\":\"required name=search_term_string\"}],\"inLanguage\":\"fr-FR\"},{\"@type\":\"ImageObject\",\"@id\":\"https:\/\/wineus.it\/fr\/vin\/chateau-trois-collines-pinot-noir-2018-organic-wine\/#primaryimage\",\"inLanguage\":\"fr-FR\",\"url\":\"https:\/\/wineus.it\/wp-content\/uploads\/2021\/04\/PinotNoirRed2019.jpg\",\"contentUrl\":\"https:\/\/wineus.it\/wp-content\/uploads\/2021\/04\/PinotNoirRed2019.jpg\",\"width\":720,\"height\":720},{\"@type\":\"WebPage\",\"@id\":\"https:\/\/wineus.it\/fr\/vin\/chateau-trois-collines-pinot-noir-2018-organic-wine\/#webpage\",\"url\":\"https:\/\/wineus.it\/fr\/vin\/chateau-trois-collines-pinot-noir-2018-organic-wine\/\",\"name\":\"Ch\\u00e2teau Trois Collines Pinot Noir 2018 - Organic wine - Wine Us\",\"isPartOf\":{\"@id\":\"https:\/\/wineus.it\/#website\"},\"primaryImageOfPage\":{\"@id\":\"https:\/\/wineus.it\/fr\/vin\/chateau-trois-collines-pinot-noir-2018-organic-wine\/#primaryimage\"},\"datePublished\":\"2021-05-03T14:55:33+00:00\",\"dateModified\":\"2021-05-17T14:27:39+00:00\",\"breadcrumb\":{\"@id\":\"https:\/\/wineus.it\/fr\/vin\/chateau-trois-collines-pinot-noir-2018-organic-wine\/#breadcrumb\"},\"inLanguage\":\"fr-FR\",\"potentialAction\":[{\"@type\":\"ReadAction\",\"target\":[\"https:\/\/wineus.it\/fr\/vin\/chateau-trois-collines-pinot-noir-2018-organic-wine\/\"]}]},{\"@type\":\"BreadcrumbList\",\"@id\":\"https:\/\/wineus.it\/fr\/vin\/chateau-trois-collines-pinot-noir-2018-organic-wine\/#breadcrumb\",\"itemListElement\":[{\"@type\":\"ListItem\",\"position\":1,\"item\":{\"@type\":\"WebPage\",\"@id\":\"https:\/\/wineus.it\/fr\/\",\"url\":\"https:\/\/wineus.it\/fr\/\",\"name\":\"Home\"}},{\"@type\":\"ListItem\",\"position\":2,\"item\":{\"@type\":\"WebPage\",\"@id\":\"https:\/\/wineus.it\/boutique\/\",\"url\":\"https:\/\/wineus.it\/boutique\/\",\"name\":\"Boutique\"}},{\"@type\":\"ListItem\",\"position\":3,\"item\":{\"@id\":\"https:\/\/wineus.it\/fr\/vin\/chateau-trois-collines-pinot-noir-2018-organic-wine\/#webpage\"}}]}]}<\/script>\n<!-- \/ Yoast SEO plugin. -->","_links":{"self":[{"href":"https:\/\/wineus.it\/fr\/wp-json\/wp\/v2\/product\/8189"}],"collection":[{"href":"https:\/\/wineus.it\/fr\/wp-json\/wp\/v2\/product"}],"about":[{"href":"https:\/\/wineus.it\/fr\/wp-json\/wp\/v2\/types\/product"}],"replies":[{"embeddable":true,"href":"https:\/\/wineus.it\/fr\/wp-json\/wp\/v2\/comments?post=8189"}],"wp:featuredmedia":[{"embeddable":true,"href":"https:\/\/wineus.it\/fr\/wp-json\/wp\/v2\/media\/7835"}],"wp:attachment":[{"href":"https:\/\/wineus.it\/fr\/wp-json\/wp\/v2\/media?parent=8189"}],"curies":[{"name":"wp","href":"https:\/\/api.w.org\/{rel}","templated":true}]}}