{"id":8192,"date":"2021-05-03T15:02:32","date_gmt":"2021-05-03T15:02:32","guid":{"rendered":"https:\/\/wineus.it\/?post_type=product&#038;p=8192"},"modified":"2022-02-24T09:24:25","modified_gmt":"2022-02-24T09:24:25","slug":"nysa-rouge-2019-organic-wine","status":"publish","type":"product","link":"https:\/\/wineus.it\/fr\/vin\/nysa-rouge-2019-organic-wine\/","title":{"rendered":"Nysa Rouge 2019 \u2013 Organic wine"},"content":{"rendered":"<p>Le vin rouge biologique Nysa de Ch\u00e2teau Trois Collines pr\u00e9sente une robe d\u2019un grenat sombre intense. Il est marqu\u00e9 par des ar\u00f4mes de fruits rouges m\u00fbrs (comme la cerise noire et la framboise). Ce vin est doux, frais et fruit\u00e9 en bouche, avec une attaque \u00e9l\u00e9gante. Malgr\u00e9 un ar\u00f4me de fruit pr\u00e9sent, ce mill\u00e9sime a du corps avec des saveurs de pruneau, de fruits rouges m\u00fbrs et de cerise noire. Les tanins fins, m\u00fbrs et soyeux contribuent \u00e0 cr\u00e9er une r\u00e9elle harmonie r\u00e9sultant en un effet rond et moelleux avec une longue finale qui persiste en arri\u00e8re-bouche.<\/p>\n<p>Ce vin se marie \u00e0 merveille avec des risottos ou de la viande rouge en sauce et peut accompagner des fromages de caract\u00e8re.<\/p>\n<p>Nous conseillons de servir ce vin \u00e0 une temp\u00e9rature comprise entre 16\u00b0C et 18\u00b0C pour une d\u00e9gustation optimale.<\/p>\n","protected":false},"excerpt":{"rendered":"<ul>\n<li>Paquet de: 6<\/li>\n<li>Livraison rapide<\/li>\n<li>Mill\u00e9sime: 2019<br \/>\nC\u00e9pages: Mourv\u00e8dre, Tempranillo, Agiorgitiko.<\/li>\n<li>Alcool: 13%<\/li>\n<li>Format: 0,75 l<\/li>\n<li>Temp\u00e9rature de service: 16\/18 \u00b0 C<\/li>\n<li>Typologie: rouge<\/li>\n<\/ul>\n","protected":false},"featured_media":7826,"comment_status":"open","ping_status":"closed","template":"","meta":[],"yoast_head":"<!-- This site is optimized with the Yoast SEO plugin v16.2 - https:\/\/yoast.com\/wordpress\/plugins\/seo\/ -->\n<title>Nysa Rouge 2019 \u2013 Organic wine - Wine Us<\/title>\n<meta name=\"robots\" content=\"index, follow, max-snippet:-1, max-image-preview:large, max-video-preview:-1\" \/>\n<link rel=\"canonical\" href=\"https:\/\/wineus.it\/fr\/vin\/nysa-rouge-2019-organic-wine\/\" \/>\n<meta property=\"og:locale\" content=\"fr_FR\" \/>\n<meta property=\"og:type\" content=\"article\" \/>\n<meta property=\"og:title\" content=\"Nysa Rouge 2019 \u2013 Organic wine - Wine Us\" \/>\n<meta property=\"og:description\" content=\"Paquet de: 6  Livraison rapide  Mill\u00e9sime: 2019 C\u00e9pages: Mourv\u00e8dre, Tempranillo, Agiorgitiko.  Alcool: 13%  Format: 0,75 l  Temp\u00e9rature de service: 16\/18 \u00b0 C  Typologie: rouge\" \/>\n<meta property=\"og:url\" content=\"https:\/\/wineus.it\/fr\/vin\/nysa-rouge-2019-organic-wine\/\" \/>\n<meta property=\"og:site_name\" content=\"Wine Us\" \/>\n<meta property=\"article:modified_time\" content=\"2022-02-24T09:24:25+00:00\" \/>\n<meta property=\"og:image\" content=\"https:\/\/wineus.it\/wp-content\/uploads\/2021\/04\/NysaRed2019.jpg\" \/>\n\t<meta property=\"og:image:width\" content=\"720\" \/>\n\t<meta property=\"og:image:height\" content=\"720\" \/>\n<meta name=\"twitter:card\" content=\"summary\" \/>\n<meta name=\"twitter:label1\" content=\"Dur\u00e9e de lecture est.\">\n\t<meta name=\"twitter:data1\" content=\"1 minute\">\n<script type=\"application\/ld+json\" class=\"yoast-schema-graph\">{\"@context\":\"https:\/\/schema.org\",\"@graph\":[{\"@type\":\"WebSite\",\"@id\":\"https:\/\/wineus.it\/#website\",\"url\":\"https:\/\/wineus.it\/\",\"name\":\"Wine Us\",\"description\":\"Vendita online Vini Rossi e Bianci\",\"potentialAction\":[{\"@type\":\"SearchAction\",\"target\":\"https:\/\/wineus.it\/?s={search_term_string}\",\"query-input\":\"required name=search_term_string\"}],\"inLanguage\":\"fr-FR\"},{\"@type\":\"ImageObject\",\"@id\":\"https:\/\/wineus.it\/fr\/vin\/nysa-rouge-2019-organic-wine\/#primaryimage\",\"inLanguage\":\"fr-FR\",\"url\":\"https:\/\/wineus.it\/wp-content\/uploads\/2021\/04\/NysaRed2019.jpg\",\"contentUrl\":\"https:\/\/wineus.it\/wp-content\/uploads\/2021\/04\/NysaRed2019.jpg\",\"width\":720,\"height\":720},{\"@type\":\"WebPage\",\"@id\":\"https:\/\/wineus.it\/fr\/vin\/nysa-rouge-2019-organic-wine\/#webpage\",\"url\":\"https:\/\/wineus.it\/fr\/vin\/nysa-rouge-2019-organic-wine\/\",\"name\":\"Nysa Rouge 2019 \\u2013 Organic wine - Wine Us\",\"isPartOf\":{\"@id\":\"https:\/\/wineus.it\/#website\"},\"primaryImageOfPage\":{\"@id\":\"https:\/\/wineus.it\/fr\/vin\/nysa-rouge-2019-organic-wine\/#primaryimage\"},\"datePublished\":\"2021-05-03T15:02:32+00:00\",\"dateModified\":\"2022-02-24T09:24:25+00:00\",\"breadcrumb\":{\"@id\":\"https:\/\/wineus.it\/fr\/vin\/nysa-rouge-2019-organic-wine\/#breadcrumb\"},\"inLanguage\":\"fr-FR\",\"potentialAction\":[{\"@type\":\"ReadAction\",\"target\":[\"https:\/\/wineus.it\/fr\/vin\/nysa-rouge-2019-organic-wine\/\"]}]},{\"@type\":\"BreadcrumbList\",\"@id\":\"https:\/\/wineus.it\/fr\/vin\/nysa-rouge-2019-organic-wine\/#breadcrumb\",\"itemListElement\":[{\"@type\":\"ListItem\",\"position\":1,\"item\":{\"@type\":\"WebPage\",\"@id\":\"https:\/\/wineus.it\/fr\/\",\"url\":\"https:\/\/wineus.it\/fr\/\",\"name\":\"Home\"}},{\"@type\":\"ListItem\",\"position\":2,\"item\":{\"@type\":\"WebPage\",\"@id\":\"https:\/\/wineus.it\/boutique\/\",\"url\":\"https:\/\/wineus.it\/boutique\/\",\"name\":\"Boutique\"}},{\"@type\":\"ListItem\",\"position\":3,\"item\":{\"@id\":\"https:\/\/wineus.it\/fr\/vin\/nysa-rouge-2019-organic-wine\/#webpage\"}}]}]}<\/script>\n<!-- \/ Yoast SEO plugin. -->","_links":{"self":[{"href":"https:\/\/wineus.it\/fr\/wp-json\/wp\/v2\/product\/8192"}],"collection":[{"href":"https:\/\/wineus.it\/fr\/wp-json\/wp\/v2\/product"}],"about":[{"href":"https:\/\/wineus.it\/fr\/wp-json\/wp\/v2\/types\/product"}],"replies":[{"embeddable":true,"href":"https:\/\/wineus.it\/fr\/wp-json\/wp\/v2\/comments?post=8192"}],"wp:featuredmedia":[{"embeddable":true,"href":"https:\/\/wineus.it\/fr\/wp-json\/wp\/v2\/media\/7826"}],"wp:attachment":[{"href":"https:\/\/wineus.it\/fr\/wp-json\/wp\/v2\/media?parent=8192"}],"curies":[{"name":"wp","href":"https:\/\/api.w.org\/{rel}","templated":true}]}}