{"id":8195,"date":"2021-05-03T15:10:19","date_gmt":"2021-05-03T15:10:19","guid":{"rendered":"https:\/\/wineus.it\/?post_type=product&#038;p=8195"},"modified":"2021-05-17T14:27:22","modified_gmt":"2021-05-17T14:27:22","slug":"chateau-trois-collines-red-2018-organic-wine","status":"publish","type":"product","link":"https:\/\/wineus.it\/fr\/vin\/chateau-trois-collines-red-2018-organic-wine\/","title":{"rendered":"Ch\u00e2teau Trois Collines Red 2018 &#8211; Organic wine"},"content":{"rendered":"<p>Le vin rouge biologique Ch\u00e2teau Trois Collines se caract\u00e9rise par une teinte rubis profonde et velout\u00e9e. Son bouquet est compos\u00e9 d\u2019ar\u00f4mes complexes de fruits rouges m\u00eal\u00e9s \u00e0 des notes \u00e9pic\u00e9es de caf\u00e9 et de tabac gr\u00e2ce \u00e0 l\u2019\u00e9tape de vieillissement en f\u00fbts de ch\u00eane. Il est persistant en bouche mais \u00e9quilibr\u00e9, avec une douceur harmonieuse et des tanins remarquables qui lui conf\u00e8rent un agr\u00e9able caract\u00e8re cors\u00e9.<\/p>\n<p>Chateau Trois Collines Rouge 2017 a recu le prix \u201d Coup de coeur de Patrice Frank\u201d . Chef Sommelier, H\u00f4tel de Paris, Vinifest 2019.<\/p>\n<p>Il se marie parfaitement avec des plats relev\u00e9s, des viandes grill\u00e9es et des fromages affin\u00e9s.<\/p>\n<p>Nous conseillons de servir ce vin \u00e0 une temp\u00e9rature comprise entre 18\u00b0C et 20\u00b0C pour une d\u00e9gustation optimale.<\/p>\n","protected":false},"excerpt":{"rendered":"<ul>\n<li>Paquet de: 6<\/li>\n<li>Livraison rapide<\/li>\n<li>Mill\u00e9sime: 2018<\/li>\n<li>C\u00e9pages: Merlot, Sangiovese.<\/li>\n<li>Alcool: 13.5%<\/li>\n<li>Format: 0,75 l<\/li>\n<li>Temp\u00e9rature de service: 16\/18 \u00b0 C<\/li>\n<li>Typologie: rouge<\/li>\n<\/ul>\n","protected":false},"featured_media":7817,"comment_status":"open","ping_status":"closed","template":"","meta":[],"yoast_head":"<!-- This site is optimized with the Yoast SEO plugin v16.2 - https:\/\/yoast.com\/wordpress\/plugins\/seo\/ -->\n<title>Ch\u00e2teau Trois Collines Red 2018 - Organic wine - Wine Us<\/title>\n<meta name=\"robots\" content=\"index, follow, max-snippet:-1, max-image-preview:large, max-video-preview:-1\" \/>\n<link rel=\"canonical\" href=\"https:\/\/wineus.it\/fr\/vin\/chateau-trois-collines-red-2018-organic-wine\/\" \/>\n<meta property=\"og:locale\" content=\"fr_FR\" \/>\n<meta property=\"og:type\" content=\"article\" \/>\n<meta property=\"og:title\" content=\"Ch\u00e2teau Trois Collines Red 2018 - Organic wine - Wine Us\" \/>\n<meta property=\"og:description\" content=\"Paquet de: 6  Livraison rapide  Mill\u00e9sime: 2018  C\u00e9pages: Merlot, Sangiovese.  Alcool: 13.5%  Format: 0,75 l  Temp\u00e9rature de service: 16\/18 \u00b0 C  Typologie: rouge\" \/>\n<meta property=\"og:url\" content=\"https:\/\/wineus.it\/fr\/vin\/chateau-trois-collines-red-2018-organic-wine\/\" \/>\n<meta property=\"og:site_name\" content=\"Wine Us\" \/>\n<meta property=\"article:modified_time\" content=\"2021-05-17T14:27:22+00:00\" \/>\n<meta property=\"og:image\" content=\"https:\/\/wineus.it\/wp-content\/uploads\/2021\/04\/ChateauRed2018-2017.jpg\" \/>\n\t<meta property=\"og:image:width\" content=\"780\" \/>\n\t<meta property=\"og:image:height\" content=\"780\" \/>\n<meta name=\"twitter:card\" content=\"summary\" \/>\n<meta name=\"twitter:label1\" content=\"Dur\u00e9e de lecture est.\">\n\t<meta name=\"twitter:data1\" content=\"1 minute\">\n<script type=\"application\/ld+json\" class=\"yoast-schema-graph\">{\"@context\":\"https:\/\/schema.org\",\"@graph\":[{\"@type\":\"WebSite\",\"@id\":\"https:\/\/wineus.it\/#website\",\"url\":\"https:\/\/wineus.it\/\",\"name\":\"Wine Us\",\"description\":\"Vendita online Vini Rossi e Bianci\",\"potentialAction\":[{\"@type\":\"SearchAction\",\"target\":\"https:\/\/wineus.it\/?s={search_term_string}\",\"query-input\":\"required name=search_term_string\"}],\"inLanguage\":\"fr-FR\"},{\"@type\":\"ImageObject\",\"@id\":\"https:\/\/wineus.it\/fr\/vin\/chateau-trois-collines-red-2018-organic-wine\/#primaryimage\",\"inLanguage\":\"fr-FR\",\"url\":\"https:\/\/wineus.it\/wp-content\/uploads\/2021\/04\/ChateauRed2018-2017.jpg\",\"contentUrl\":\"https:\/\/wineus.it\/wp-content\/uploads\/2021\/04\/ChateauRed2018-2017.jpg\",\"width\":780,\"height\":780},{\"@type\":\"WebPage\",\"@id\":\"https:\/\/wineus.it\/fr\/vin\/chateau-trois-collines-red-2018-organic-wine\/#webpage\",\"url\":\"https:\/\/wineus.it\/fr\/vin\/chateau-trois-collines-red-2018-organic-wine\/\",\"name\":\"Ch\\u00e2teau Trois Collines Red 2018 - Organic wine - Wine Us\",\"isPartOf\":{\"@id\":\"https:\/\/wineus.it\/#website\"},\"primaryImageOfPage\":{\"@id\":\"https:\/\/wineus.it\/fr\/vin\/chateau-trois-collines-red-2018-organic-wine\/#primaryimage\"},\"datePublished\":\"2021-05-03T15:10:19+00:00\",\"dateModified\":\"2021-05-17T14:27:22+00:00\",\"breadcrumb\":{\"@id\":\"https:\/\/wineus.it\/fr\/vin\/chateau-trois-collines-red-2018-organic-wine\/#breadcrumb\"},\"inLanguage\":\"fr-FR\",\"potentialAction\":[{\"@type\":\"ReadAction\",\"target\":[\"https:\/\/wineus.it\/fr\/vin\/chateau-trois-collines-red-2018-organic-wine\/\"]}]},{\"@type\":\"BreadcrumbList\",\"@id\":\"https:\/\/wineus.it\/fr\/vin\/chateau-trois-collines-red-2018-organic-wine\/#breadcrumb\",\"itemListElement\":[{\"@type\":\"ListItem\",\"position\":1,\"item\":{\"@type\":\"WebPage\",\"@id\":\"https:\/\/wineus.it\/fr\/\",\"url\":\"https:\/\/wineus.it\/fr\/\",\"name\":\"Home\"}},{\"@type\":\"ListItem\",\"position\":2,\"item\":{\"@type\":\"WebPage\",\"@id\":\"https:\/\/wineus.it\/boutique\/\",\"url\":\"https:\/\/wineus.it\/boutique\/\",\"name\":\"Boutique\"}},{\"@type\":\"ListItem\",\"position\":3,\"item\":{\"@id\":\"https:\/\/wineus.it\/fr\/vin\/chateau-trois-collines-red-2018-organic-wine\/#webpage\"}}]}]}<\/script>\n<!-- \/ Yoast SEO plugin. -->","_links":{"self":[{"href":"https:\/\/wineus.it\/fr\/wp-json\/wp\/v2\/product\/8195"}],"collection":[{"href":"https:\/\/wineus.it\/fr\/wp-json\/wp\/v2\/product"}],"about":[{"href":"https:\/\/wineus.it\/fr\/wp-json\/wp\/v2\/types\/product"}],"replies":[{"embeddable":true,"href":"https:\/\/wineus.it\/fr\/wp-json\/wp\/v2\/comments?post=8195"}],"wp:featuredmedia":[{"embeddable":true,"href":"https:\/\/wineus.it\/fr\/wp-json\/wp\/v2\/media\/7817"}],"wp:attachment":[{"href":"https:\/\/wineus.it\/fr\/wp-json\/wp\/v2\/media?parent=8195"}],"curies":[{"name":"wp","href":"https:\/\/api.w.org\/{rel}","templated":true}]}}